{"id":997,"date":"2022-02-09T23:45:57","date_gmt":"2022-02-09T22:45:57","guid":{"rendered":"http:\/\/megauniform.com\/?post_type=product&#038;p=997"},"modified":"2022-02-21T12:51:24","modified_gmt":"2022-02-21T11:51:24","slug":"x-h2-s3-hro-src-en-iso-203452011","status":"publish","type":"product","link":"https:\/\/megauniform.com\/?product=x-h2-s3-hro-src-en-iso-203452011","title":{"rendered":"X-H2 &#8211; S3 | HRO | SRC | EN ISO 20345:2011"},"content":{"rendered":"<p>Microfibre ultral\u00e9g\u00e8re avec traitement hydrofuge et doublure respirante Poromax.<br \/>\nSemelle intercalaire Q-Flex anti-perforation, non m\u00e9tallique, r\u00e9sistant jusqu&rsquo;\u00e0 1100 Newton.<br \/>\nEmbout de protection en aluminium (200 J selon DIN EN 12568)<br \/>\nPremi\u00e8re de propret\u00e9 antibact\u00e9rienne, respirante, absorbante, antistatique et recycl\u00e9e pour un confort maximum.<br \/>\nFabriqu\u00e9 en Europe<br \/>\nStrobel construction<br \/>\nCertifi\u00e9 EN ISO 20345:2011, S3,HRO,SRC<br \/>\nTailles 35-48<\/p>\n<p><a href=\"http:\/\/megauniform.com\/wp-content\/uploads\/2022\/02\/icon-1.jpg\"><img loading=\"lazy\" decoding=\"async\" class=\"alignnone size-full wp-image-980\" src=\"http:\/\/megauniform.com\/wp-content\/uploads\/2022\/02\/icon-1.jpg\" alt=\"\" width=\"45\" height=\"45\" \/><\/a> <a href=\"http:\/\/megauniform.com\/wp-content\/uploads\/2022\/02\/icon-2.jpg\"><img loading=\"lazy\" decoding=\"async\" class=\"alignnone size-full wp-image-981\" src=\"http:\/\/megauniform.com\/wp-content\/uploads\/2022\/02\/icon-2.jpg\" alt=\"\" width=\"45\" height=\"45\" \/><\/a> <a href=\"http:\/\/megauniform.com\/wp-content\/uploads\/2022\/02\/icon-4.jpg\"><img loading=\"lazy\" decoding=\"async\" class=\"alignnone size-full wp-image-982\" src=\"http:\/\/megauniform.com\/wp-content\/uploads\/2022\/02\/icon-4.jpg\" alt=\"\" width=\"45\" height=\"45\" \/><\/a> <a href=\"http:\/\/megauniform.com\/wp-content\/uploads\/2022\/01\/icon53.jpg\"><img loading=\"lazy\" decoding=\"async\" class=\"alignnone size-full wp-image-861\" src=\"http:\/\/megauniform.com\/wp-content\/uploads\/2022\/01\/icon53.jpg\" alt=\"\" width=\"45\" height=\"45\" \/><\/a><\/p>\n","protected":false},"excerpt":{"rendered":"<p>Microfibre ultral\u00e9g\u00e8re avec traitement hydrofuge et doublure respirante Poromax. Semelle intercalaire Q-Flex anti-perforation, non m\u00e9tallique, r\u00e9sistant jusqu&rsquo;\u00e0 1100 Newton. Embout&#8230;<\/p>\n","protected":false},"featured_media":998,"template":"","meta":[],"product_brand":[],"product_cat":[57],"product_tag":[60,58,59],"class_list":{"0":"post-997","1":"product","2":"type-product","3":"status-publish","4":"has-post-thumbnail","6":"product_cat-chaussures-de-securite","7":"product_tag-hro","8":"product_tag-s3","9":"product_tag-src","10":"pa_collection-x-fast","11":"pa_couleur-noir","12":"pa_marque-toworkfor","13":"pa_taille-35-48","15":"first","16":"instock","17":"shipping-taxable","18":"product-type-simple"},"aioseo_notices":[],"_links":{"self":[{"href":"https:\/\/megauniform.com\/index.php?rest_route=\/wp\/v2\/product\/997","targetHints":{"allow":["GET"]}}],"collection":[{"href":"https:\/\/megauniform.com\/index.php?rest_route=\/wp\/v2\/product"}],"about":[{"href":"https:\/\/megauniform.com\/index.php?rest_route=\/wp\/v2\/types\/product"}],"wp:featuredmedia":[{"embeddable":true,"href":"https:\/\/megauniform.com\/index.php?rest_route=\/wp\/v2\/media\/998"}],"wp:attachment":[{"href":"https:\/\/megauniform.com\/index.php?rest_route=%2Fwp%2Fv2%2Fmedia&parent=997"}],"wp:term":[{"taxonomy":"product_brand","embeddable":true,"href":"https:\/\/megauniform.com\/index.php?rest_route=%2Fwp%2Fv2%2Fproduct_brand&post=997"},{"taxonomy":"product_cat","embeddable":true,"href":"https:\/\/megauniform.com\/index.php?rest_route=%2Fwp%2Fv2%2Fproduct_cat&post=997"},{"taxonomy":"product_tag","embeddable":true,"href":"https:\/\/megauniform.com\/index.php?rest_route=%2Fwp%2Fv2%2Fproduct_tag&post=997"}],"curies":[{"name":"wp","href":"https:\/\/api.w.org\/{rel}","templated":true}]}}