{"id":976,"date":"2022-02-09T23:24:13","date_gmt":"2022-02-09T22:24:13","guid":{"rendered":"http:\/\/megauniform.com\/?post_type=product&#038;p=976"},"modified":"2022-02-21T12:51:49","modified_gmt":"2022-02-21T11:51:49","slug":"x-n2","status":"publish","type":"product","link":"https:\/\/megauniform.com\/?product=x-n2","title":{"rendered":"X-N2 &#8211; SRC | S3 | HRO | EN ISO 20345:2011"},"content":{"rendered":"<p>Arbol Hydro: Technologie r\u00e9fl\u00e9chissante et doublure respirante Poromax.<br \/>\nTige Mesh<br \/>\nDoublure anti-transpiration<br \/>\nLanguette matelas\u00e9e<br \/>\nAnti-friction collier<br \/>\nTirette Talon<br \/>\nCoque aluminium<br \/>\nStabiliseur Talon<br \/>\nSemelle Int\u00e9rieure amovible EVA<br \/>\nCambrion PU<br \/>\nPlaque anti-perforation<br \/>\nSemelle EVA moul\u00e9e<br \/>\nFabriqu\u00e9 en Europe<br \/>\nStrobel construction<br \/>\nCertifi\u00e9 SRC EN ISO 20345:2011, S3,HRO<br \/>\nTailles TW4 35-48<\/p>\n<p><a href=\"http:\/\/megauniform.com\/wp-content\/uploads\/2022\/02\/icon-1.jpg\"><img loading=\"lazy\" decoding=\"async\" class=\"alignnone size-medium wp-image-980\" src=\"http:\/\/megauniform.com\/wp-content\/uploads\/2022\/02\/icon-1.jpg\" alt=\"\" width=\"45\" height=\"45\" \/><\/a> <a href=\"http:\/\/megauniform.com\/wp-content\/uploads\/2022\/02\/icon-2.jpg\"><img loading=\"lazy\" decoding=\"async\" class=\"alignnone size-medium wp-image-981\" src=\"http:\/\/megauniform.com\/wp-content\/uploads\/2022\/02\/icon-2.jpg\" alt=\"\" width=\"45\" height=\"45\" \/><\/a> <a href=\"http:\/\/megauniform.com\/wp-content\/uploads\/2022\/02\/icon-4.jpg\"><img loading=\"lazy\" decoding=\"async\" class=\"alignnone size-medium wp-image-982\" src=\"http:\/\/megauniform.com\/wp-content\/uploads\/2022\/02\/icon-4.jpg\" alt=\"\" width=\"45\" height=\"45\" \/><\/a><a href=\"http:\/\/megauniform.com\/wp-content\/uploads\/2022\/01\/icon53.jpg\"><img loading=\"lazy\" decoding=\"async\" class=\"alignnone size-full wp-image-861\" src=\"http:\/\/megauniform.com\/wp-content\/uploads\/2022\/01\/icon53.jpg\" alt=\"\" width=\"45\" height=\"45\" \/><\/a><\/p>\n","protected":false},"excerpt":{"rendered":"<p>Arbol Hydro: Technologie r\u00e9fl\u00e9chissante et doublure respirante Poromax. Tige Mesh Doublure anti-transpiration Languette matelas\u00e9e Anti-friction collier Tirette Talon Coque aluminium&#8230;<\/p>\n","protected":false},"featured_media":977,"template":"","meta":[],"product_brand":[],"product_cat":[57],"product_tag":[60,58,59],"class_list":{"0":"post-976","1":"product","2":"type-product","3":"status-publish","4":"has-post-thumbnail","6":"product_cat-chaussures-de-securite","7":"product_tag-hro","8":"product_tag-s3","9":"product_tag-src","10":"pa_collection-x-fast","11":"pa_couleur-bleu","12":"pa_couleur-vert","13":"pa_marque-toworkfor","14":"pa_taille-35-48","16":"first","17":"instock","18":"shipping-taxable","19":"product-type-simple"},"aioseo_notices":[],"_links":{"self":[{"href":"https:\/\/megauniform.com\/index.php?rest_route=\/wp\/v2\/product\/976","targetHints":{"allow":["GET"]}}],"collection":[{"href":"https:\/\/megauniform.com\/index.php?rest_route=\/wp\/v2\/product"}],"about":[{"href":"https:\/\/megauniform.com\/index.php?rest_route=\/wp\/v2\/types\/product"}],"wp:featuredmedia":[{"embeddable":true,"href":"https:\/\/megauniform.com\/index.php?rest_route=\/wp\/v2\/media\/977"}],"wp:attachment":[{"href":"https:\/\/megauniform.com\/index.php?rest_route=%2Fwp%2Fv2%2Fmedia&parent=976"}],"wp:term":[{"taxonomy":"product_brand","embeddable":true,"href":"https:\/\/megauniform.com\/index.php?rest_route=%2Fwp%2Fv2%2Fproduct_brand&post=976"},{"taxonomy":"product_cat","embeddable":true,"href":"https:\/\/megauniform.com\/index.php?rest_route=%2Fwp%2Fv2%2Fproduct_cat&post=976"},{"taxonomy":"product_tag","embeddable":true,"href":"https:\/\/megauniform.com\/index.php?rest_route=%2Fwp%2Fv2%2Fproduct_tag&post=976"}],"curies":[{"name":"wp","href":"https:\/\/api.w.org\/{rel}","templated":true}]}}