{"id":855,"date":"2022-01-04T16:07:16","date_gmt":"2022-01-04T15:07:16","guid":{"rendered":"http:\/\/megauniform.com\/?post_type=product&#038;p=855"},"modified":"2022-03-01T14:36:20","modified_gmt":"2022-03-01T13:36:20","slug":"jumper-s1p-src-esd-en-iso-203452011","status":"publish","type":"product","link":"https:\/\/megauniform.com\/?product=jumper-s1p-src-esd-en-iso-203452011","title":{"rendered":"JUMPER \u2013 S1P | SRC | ESD \u2013 EN ISO 20345:2011"},"content":{"rendered":"<p>Tige PU suede<br \/>\nDoublure anti-transpiration<br \/>\nSyst\u00e8me de la\u00e7age oeuillet de anti-rouille<br \/>\nLanguette matelas\u00e9e<br \/>\nAnti-friction collier<br \/>\nCoque aluminium<br \/>\nZone d&rsquo;impact du talon<br \/>\nSemelle Int\u00e9rieure PU amovible<br \/>\nPlaque anti-perforation<br \/>\nSemelle Gomme Nitrile avec syst\u00e8me Air Tubeless<br \/>\nFabriqu\u00e9 en Europe<br \/>\nCertifi\u00e9 EN ISO 20345:2011, S1P, SRC, ESD<\/p>\n<p><img loading=\"lazy\" decoding=\"async\" class=\"alignnone wp-image-830\" src=\"http:\/\/megauniform.com\/wp-content\/uploads\/2021\/12\/icon19.png\" alt=\"\" width=\"45\" height=\"45\" srcset=\"https:\/\/megauniform.com\/wp-content\/uploads\/2021\/12\/icon19.png 145w, https:\/\/megauniform.com\/wp-content\/uploads\/2021\/12\/icon19-100x100.png 100w\" sizes=\"auto, (max-width: 45px) 100vw, 45px\" \/> <img loading=\"lazy\" decoding=\"async\" class=\"alignnone size-full wp-image-481\" src=\"http:\/\/megauniform.com\/wp-content\/uploads\/2021\/12\/icon16.jpg\" alt=\"\" width=\"45\" height=\"45\" \/> <img loading=\"lazy\" decoding=\"async\" class=\"alignnone size-full wp-image-480\" src=\"http:\/\/megauniform.com\/wp-content\/uploads\/2021\/12\/icon33.jpg\" alt=\"\" width=\"45\" height=\"45\" \/><\/p>\n","protected":false},"excerpt":{"rendered":"<p>Tige PU suede Doublure anti-transpiration Syst\u00e8me de la\u00e7age oeuillet de anti-rouille Languette matelas\u00e9e Anti-friction collier Coque aluminium Zone d&rsquo;impact du&#8230;<\/p>\n","protected":false},"featured_media":856,"template":"","meta":[],"product_brand":[],"product_cat":[57],"product_tag":[77,83,59],"class_list":{"0":"post-855","1":"product","2":"type-product","3":"status-publish","4":"has-post-thumbnail","6":"product_cat-chaussures-de-securite","7":"product_tag-esd","8":"product_tag-s1p","9":"product_tag-src","10":"pa_collection-safety-runners","11":"pa_couleur-bleu","12":"pa_couleur-gris","13":"pa_marque-toworkfor","14":"pa_taille-36-47","16":"first","17":"instock","18":"shipping-taxable","19":"product-type-simple"},"aioseo_notices":[],"_links":{"self":[{"href":"https:\/\/megauniform.com\/index.php?rest_route=\/wp\/v2\/product\/855","targetHints":{"allow":["GET"]}}],"collection":[{"href":"https:\/\/megauniform.com\/index.php?rest_route=\/wp\/v2\/product"}],"about":[{"href":"https:\/\/megauniform.com\/index.php?rest_route=\/wp\/v2\/types\/product"}],"wp:featuredmedia":[{"embeddable":true,"href":"https:\/\/megauniform.com\/index.php?rest_route=\/wp\/v2\/media\/856"}],"wp:attachment":[{"href":"https:\/\/megauniform.com\/index.php?rest_route=%2Fwp%2Fv2%2Fmedia&parent=855"}],"wp:term":[{"taxonomy":"product_brand","embeddable":true,"href":"https:\/\/megauniform.com\/index.php?rest_route=%2Fwp%2Fv2%2Fproduct_brand&post=855"},{"taxonomy":"product_cat","embeddable":true,"href":"https:\/\/megauniform.com\/index.php?rest_route=%2Fwp%2Fv2%2Fproduct_cat&post=855"},{"taxonomy":"product_tag","embeddable":true,"href":"https:\/\/megauniform.com\/index.php?rest_route=%2Fwp%2Fv2%2Fproduct_tag&post=855"}],"curies":[{"name":"wp","href":"https:\/\/api.w.org\/{rel}","templated":true}]}}