{"id":846,"date":"2022-01-04T15:50:27","date_gmt":"2022-01-04T14:50:27","guid":{"rendered":"http:\/\/megauniform.com\/?post_type=product&#038;p=846"},"modified":"2022-03-01T14:45:33","modified_gmt":"2022-03-01T13:45:33","slug":"street-s3-src-esd-en-iso-203452011","status":"publish","type":"product","link":"https:\/\/megauniform.com\/?product=street-s3-src-esd-en-iso-203452011","title":{"rendered":"STREET &#8211; S3 | SRC | ESD &#8211; EN ISO 20345:2011"},"content":{"rendered":"<p>Tige Cuir pleine fleur<br \/>\nDoublure anti-transpiration<br \/>\nSyst\u00e8me de la\u00e7age avec accastillage anti-rouille<br \/>\nLanguette matelas\u00e9e<br \/>\nAnti-friction collier<br \/>\nGomme Pare-Pierres avant<br \/>\nCoque aluminium<br \/>\nStabiliseur Talon<br \/>\nSemelle Int\u00e9rieure amovible EVA<br \/>\nCambrion PU<br \/>\nPlaque anti-perforation<br \/>\nSemelle Gomme Nitrile avec syst\u00e8me Air Tubeless<br \/>\nFabriqu\u00e9 en Europe<br \/>\nStrobel construction<br \/>\nCertifi\u00e9 EN ISO 20345:2011, S3, SRC, ESD<\/p>\n<p><img loading=\"lazy\" decoding=\"async\" class=\"alignnone wp-image-830\" src=\"http:\/\/megauniform.com\/wp-content\/uploads\/2021\/12\/icon19.png\" alt=\"\" width=\"45\" height=\"45\" srcset=\"https:\/\/megauniform.com\/wp-content\/uploads\/2021\/12\/icon19.png 145w, https:\/\/megauniform.com\/wp-content\/uploads\/2021\/12\/icon19-100x100.png 100w\" sizes=\"auto, (max-width: 45px) 100vw, 45px\" \/> <img loading=\"lazy\" decoding=\"async\" class=\"alignnone size-full wp-image-481\" src=\"http:\/\/megauniform.com\/wp-content\/uploads\/2021\/12\/icon16.jpg\" alt=\"\" width=\"45\" height=\"45\" \/> <img loading=\"lazy\" decoding=\"async\" class=\"alignnone size-full wp-image-480\" src=\"http:\/\/megauniform.com\/wp-content\/uploads\/2021\/12\/icon33.jpg\" alt=\"\" width=\"45\" height=\"45\" \/> <img loading=\"lazy\" decoding=\"async\" class=\"alignnone size-full wp-image-478\" src=\"http:\/\/megauniform.com\/wp-content\/uploads\/2021\/12\/icon10.jpg\" alt=\"\" width=\"45\" height=\"45\" \/><\/p>\n","protected":false},"excerpt":{"rendered":"<p>Tige Cuir pleine fleur Doublure anti-transpiration Syst\u00e8me de la\u00e7age avec accastillage anti-rouille Languette matelas\u00e9e Anti-friction collier Gomme Pare-Pierres avant Coque&#8230;<\/p>\n","protected":false},"featured_media":847,"template":"","meta":[],"product_brand":[],"product_cat":[57],"product_tag":[77,58,59],"class_list":{"0":"post-846","1":"product","2":"type-product","3":"status-publish","4":"has-post-thumbnail","6":"product_cat-chaussures-de-securite","7":"product_tag-esd","8":"product_tag-s3","9":"product_tag-src","10":"pa_collection-safety-runners","11":"pa_couleur-noir","12":"pa_marque-toworkfor","13":"pa_taille-36-47","15":"first","16":"instock","17":"shipping-taxable","18":"product-type-simple"},"aioseo_notices":[],"_links":{"self":[{"href":"https:\/\/megauniform.com\/index.php?rest_route=\/wp\/v2\/product\/846","targetHints":{"allow":["GET"]}}],"collection":[{"href":"https:\/\/megauniform.com\/index.php?rest_route=\/wp\/v2\/product"}],"about":[{"href":"https:\/\/megauniform.com\/index.php?rest_route=\/wp\/v2\/types\/product"}],"wp:featuredmedia":[{"embeddable":true,"href":"https:\/\/megauniform.com\/index.php?rest_route=\/wp\/v2\/media\/847"}],"wp:attachment":[{"href":"https:\/\/megauniform.com\/index.php?rest_route=%2Fwp%2Fv2%2Fmedia&parent=846"}],"wp:term":[{"taxonomy":"product_brand","embeddable":true,"href":"https:\/\/megauniform.com\/index.php?rest_route=%2Fwp%2Fv2%2Fproduct_brand&post=846"},{"taxonomy":"product_cat","embeddable":true,"href":"https:\/\/megauniform.com\/index.php?rest_route=%2Fwp%2Fv2%2Fproduct_cat&post=846"},{"taxonomy":"product_tag","embeddable":true,"href":"https:\/\/megauniform.com\/index.php?rest_route=%2Fwp%2Fv2%2Fproduct_tag&post=846"}],"curies":[{"name":"wp","href":"https:\/\/api.w.org\/{rel}","templated":true}]}}