{"id":1093,"date":"2022-02-10T13:27:56","date_gmt":"2022-02-10T12:27:56","guid":{"rendered":"http:\/\/megauniform.com\/?post_type=product&#038;p=1093"},"modified":"2022-03-01T14:48:27","modified_gmt":"2022-03-01T13:48:27","slug":"maia-s3-src-en-iso-203452011","status":"publish","type":"product","link":"https:\/\/megauniform.com\/?product=maia-s3-src-en-iso-203452011","title":{"rendered":"MAIA &#8211; S3 | SRC | EN ISO 20345:2011"},"content":{"rendered":"<p>Tige Cuir<br \/>\nDoublure anti-transpiration<br \/>\nSyst\u00e8me de la\u00e7age avec accastillage anti-rouille<br \/>\nLanguette matelas\u00e9e<br \/>\nAnti-friction collier<br \/>\nCoque acier<br \/>\nSemelle int\u00e9rieure amovible<br \/>\nSemelle Interm\u00e9diaire PU<br \/>\nSemelle PU<br \/>\nFabriqu\u00e9 en Europe<br \/>\nCertifi\u00e9 EN ISO 20345:2011, S3, SRC<br \/>\nTailles TW4 36-47<\/p>\n<p><a href=\"http:\/\/megauniform.com\/wp-content\/uploads\/2022\/02\/icon-1-1.jpg\"><img loading=\"lazy\" decoding=\"async\" class=\"alignnone size-full wp-image-1002\" src=\"http:\/\/megauniform.com\/wp-content\/uploads\/2022\/02\/icon-1-1.jpg\" alt=\"\" width=\"45\" height=\"45\" \/><\/a> <a href=\"http:\/\/megauniform.com\/wp-content\/uploads\/2022\/02\/icon-1-2.jpg\"><img loading=\"lazy\" decoding=\"async\" class=\"alignnone size-full wp-image-1049\" src=\"http:\/\/megauniform.com\/wp-content\/uploads\/2022\/02\/icon-1-2.jpg\" alt=\"\" width=\"45\" height=\"45\" \/><\/a><a href=\"http:\/\/megauniform.com\/wp-content\/uploads\/2022\/01\/icon53.jpg\"><img loading=\"lazy\" decoding=\"async\" class=\"alignnone size-full wp-image-861\" src=\"http:\/\/megauniform.com\/wp-content\/uploads\/2022\/01\/icon53.jpg\" alt=\"\" width=\"45\" height=\"45\" \/><\/a><\/p>\n","protected":false},"excerpt":{"rendered":"<p>Tige Cuir Doublure anti-transpiration Syst\u00e8me de la\u00e7age avec accastillage anti-rouille Languette matelas\u00e9e Anti-friction collier Coque acier Semelle int\u00e9rieure amovible Semelle&#8230;<\/p>\n","protected":false},"featured_media":1094,"template":"","meta":[],"product_brand":[],"product_cat":[57],"product_tag":[58,59],"class_list":{"0":"post-1093","1":"product","2":"type-product","3":"status-publish","4":"has-post-thumbnail","6":"product_cat-chaussures-de-securite","7":"product_tag-s3","8":"product_tag-src","9":"pa_collection-utility","10":"pa_couleur-noir","11":"pa_marque-toworkfor","12":"pa_taille-36-47","14":"first","15":"instock","16":"shipping-taxable","17":"product-type-simple"},"aioseo_notices":[],"_links":{"self":[{"href":"https:\/\/megauniform.com\/index.php?rest_route=\/wp\/v2\/product\/1093","targetHints":{"allow":["GET"]}}],"collection":[{"href":"https:\/\/megauniform.com\/index.php?rest_route=\/wp\/v2\/product"}],"about":[{"href":"https:\/\/megauniform.com\/index.php?rest_route=\/wp\/v2\/types\/product"}],"wp:featuredmedia":[{"embeddable":true,"href":"https:\/\/megauniform.com\/index.php?rest_route=\/wp\/v2\/media\/1094"}],"wp:attachment":[{"href":"https:\/\/megauniform.com\/index.php?rest_route=%2Fwp%2Fv2%2Fmedia&parent=1093"}],"wp:term":[{"taxonomy":"product_brand","embeddable":true,"href":"https:\/\/megauniform.com\/index.php?rest_route=%2Fwp%2Fv2%2Fproduct_brand&post=1093"},{"taxonomy":"product_cat","embeddable":true,"href":"https:\/\/megauniform.com\/index.php?rest_route=%2Fwp%2Fv2%2Fproduct_cat&post=1093"},{"taxonomy":"product_tag","embeddable":true,"href":"https:\/\/megauniform.com\/index.php?rest_route=%2Fwp%2Fv2%2Fproduct_tag&post=1093"}],"curies":[{"name":"wp","href":"https:\/\/api.w.org\/{rel}","templated":true}]}}