{"id":1082,"date":"2022-02-10T13:04:20","date_gmt":"2022-02-10T12:04:20","guid":{"rendered":"http:\/\/megauniform.com\/?post_type=product&#038;p=1082"},"modified":"2022-02-21T12:48:12","modified_gmt":"2022-02-21T11:48:12","slug":"lagos-s1p-src-en-iso-203452011","status":"publish","type":"product","link":"https:\/\/megauniform.com\/?product=lagos-s1p-src-en-iso-203452011","title":{"rendered":"LAGOS &#8211; S1P | SRC | EN ISO 20345:2011"},"content":{"rendered":"<p>Tige Suede (Daim)<br \/>\nDoublure anti-transpiration<br \/>\nBande Velcro avant-pied<br \/>\nLanguette matelas\u00e9e<br \/>\nAnti-friction collier<br \/>\nPremi\u00e9re de montage et coque NON-METALLIQUE<br \/>\nSemelle int\u00e9rieure amovible<br \/>\nSemelle Interm\u00e9diaire PU<br \/>\nSemelle PU<br \/>\nFabriqu\u00e9 en Europe<br \/>\nCertifi\u00e9 EN ISO 20345:2011, S1P, SRC<br \/>\nTailles TW4 36-47<\/p>\n<p>&nbsp;<\/p>\n","protected":false},"excerpt":{"rendered":"<p>Tige Suede (Daim) Doublure anti-transpiration Bande Velcro avant-pied Languette matelas\u00e9e Anti-friction collier Premi\u00e9re de montage et coque NON-METALLIQUE Semelle int\u00e9rieure&#8230;<\/p>\n","protected":false},"featured_media":1083,"template":"","meta":[],"product_brand":[],"product_cat":[57],"product_tag":[83,59],"class_list":{"0":"post-1082","1":"product","2":"type-product","3":"status-publish","4":"has-post-thumbnail","6":"product_cat-chaussures-de-securite","7":"product_tag-s1p","8":"product_tag-src","9":"pa_collection-utility","10":"pa_couleur-marron","11":"pa_marque-toworkfor","12":"pa_taille-36-47","14":"first","15":"instock","16":"shipping-taxable","17":"product-type-simple"},"aioseo_notices":[],"_links":{"self":[{"href":"https:\/\/megauniform.com\/index.php?rest_route=\/wp\/v2\/product\/1082","targetHints":{"allow":["GET"]}}],"collection":[{"href":"https:\/\/megauniform.com\/index.php?rest_route=\/wp\/v2\/product"}],"about":[{"href":"https:\/\/megauniform.com\/index.php?rest_route=\/wp\/v2\/types\/product"}],"wp:featuredmedia":[{"embeddable":true,"href":"https:\/\/megauniform.com\/index.php?rest_route=\/wp\/v2\/media\/1083"}],"wp:attachment":[{"href":"https:\/\/megauniform.com\/index.php?rest_route=%2Fwp%2Fv2%2Fmedia&parent=1082"}],"wp:term":[{"taxonomy":"product_brand","embeddable":true,"href":"https:\/\/megauniform.com\/index.php?rest_route=%2Fwp%2Fv2%2Fproduct_brand&post=1082"},{"taxonomy":"product_cat","embeddable":true,"href":"https:\/\/megauniform.com\/index.php?rest_route=%2Fwp%2Fv2%2Fproduct_cat&post=1082"},{"taxonomy":"product_tag","embeddable":true,"href":"https:\/\/megauniform.com\/index.php?rest_route=%2Fwp%2Fv2%2Fproduct_tag&post=1082"}],"curies":[{"name":"wp","href":"https:\/\/api.w.org\/{rel}","templated":true}]}}