{"id":1053,"date":"2022-02-10T11:20:08","date_gmt":"2022-02-10T10:20:08","guid":{"rendered":"http:\/\/megauniform.com\/?post_type=product&#038;p=1053"},"modified":"2022-02-21T12:49:49","modified_gmt":"2022-02-21T11:49:49","slug":"liverpool-s3-srb-en-iso-203452011","status":"publish","type":"product","link":"https:\/\/megauniform.com\/?product=liverpool-s3-srb-en-iso-203452011","title":{"rendered":"LIVERPOOL &#8211; S3 | SRB | EN ISO 20345:2011"},"content":{"rendered":"<p>Tige Cuir Nubuck<br \/>\nDoublure anti-transpiration<br \/>\nSyst\u00e8me de la\u00e7age Blucher<br \/>\nLanguette matelas\u00e9e<br \/>\nAnti-friction collier<br \/>\nCoque acier<br \/>\nStabiliseur Talon<br \/>\nSemelle int\u00e9rieure amovible<br \/>\nPlaque anti-perforation<br \/>\nSemelle PU<br \/>\nFabriqu\u00e9 en Europe<br \/>\nCertifi\u00e9 EN ISO 20345:2011, S3, SRB<br \/>\nTailles TW4 39-47<\/p>\n","protected":false},"excerpt":{"rendered":"<p>Tige Cuir Nubuck Doublure anti-transpiration Syst\u00e8me de la\u00e7age Blucher Languette matelas\u00e9e Anti-friction collier Coque acier Stabiliseur Talon Semelle int\u00e9rieure amovible&#8230;<\/p>\n","protected":false},"featured_media":1054,"template":"","meta":[],"product_brand":[],"product_cat":[57],"product_tag":[58,103],"class_list":{"0":"post-1053","1":"product","2":"type-product","3":"status-publish","4":"has-post-thumbnail","6":"product_cat-chaussures-de-securite","7":"product_tag-s3","8":"product_tag-srb","9":"pa_collection-city","10":"pa_couleur-marron","11":"pa_marque-toworkfor","12":"pa_taille-39-47","14":"first","15":"instock","16":"shipping-taxable","17":"product-type-simple"},"aioseo_notices":[],"_links":{"self":[{"href":"https:\/\/megauniform.com\/index.php?rest_route=\/wp\/v2\/product\/1053","targetHints":{"allow":["GET"]}}],"collection":[{"href":"https:\/\/megauniform.com\/index.php?rest_route=\/wp\/v2\/product"}],"about":[{"href":"https:\/\/megauniform.com\/index.php?rest_route=\/wp\/v2\/types\/product"}],"wp:featuredmedia":[{"embeddable":true,"href":"https:\/\/megauniform.com\/index.php?rest_route=\/wp\/v2\/media\/1054"}],"wp:attachment":[{"href":"https:\/\/megauniform.com\/index.php?rest_route=%2Fwp%2Fv2%2Fmedia&parent=1053"}],"wp:term":[{"taxonomy":"product_brand","embeddable":true,"href":"https:\/\/megauniform.com\/index.php?rest_route=%2Fwp%2Fv2%2Fproduct_brand&post=1053"},{"taxonomy":"product_cat","embeddable":true,"href":"https:\/\/megauniform.com\/index.php?rest_route=%2Fwp%2Fv2%2Fproduct_cat&post=1053"},{"taxonomy":"product_tag","embeddable":true,"href":"https:\/\/megauniform.com\/index.php?rest_route=%2Fwp%2Fv2%2Fproduct_tag&post=1053"}],"curies":[{"name":"wp","href":"https:\/\/api.w.org\/{rel}","templated":true}]}}