{"id":1040,"date":"2022-02-10T09:57:39","date_gmt":"2022-02-10T08:57:39","guid":{"rendered":"http:\/\/megauniform.com\/?post_type=product&#038;p=1040"},"modified":"2022-03-01T14:46:49","modified_gmt":"2022-03-01T13:46:49","slug":"bison-s3-hro-src-en-iso-203452011","status":"publish","type":"product","link":"https:\/\/megauniform.com\/?product=bison-s3-hro-src-en-iso-203452011","title":{"rendered":"BISON &#8211; S3 | HRO | SRC | EN ISO 20345:2011"},"content":{"rendered":"<p>Tige Cuir Nubuck<br \/>\nTige Cuir Nubuck Waterproof<br \/>\nDoublure anti-transpiration<br \/>\nSyst\u00e8me de la\u00e7age oeuillet de anti-rouille<br \/>\nLanguette matelas\u00e9e<br \/>\nAnti-friction collier<br \/>\nCoque composite<br \/>\nPremi\u00e9re de montage et coque NON-METALLIQUE<br \/>\nStabiliseur Talon<br \/>\nSemelle Int\u00e9rieure PU amovible<br \/>\nSemelle Int\u00e9rieure amovible EVA<br \/>\nPlaque anti-perforation<br \/>\nSemelle Gomme Nitrile<br \/>\nFabriqu\u00e9 en Europe<br \/>\nCertifi\u00e9 EN ISO 20345:2011, S3, HRO, SRC<br \/>\nTailles TW4 35-51<\/p>\n<p><a href=\"http:\/\/megauniform.com\/wp-content\/uploads\/2022\/02\/icon-1-1.jpg\"><img loading=\"lazy\" decoding=\"async\" class=\"alignnone size-full wp-image-1002\" src=\"http:\/\/megauniform.com\/wp-content\/uploads\/2022\/02\/icon-1-1.jpg\" alt=\"\" width=\"45\" height=\"45\" \/><\/a> <a href=\"http:\/\/megauniform.com\/wp-content\/uploads\/2022\/02\/icon-2.jpg\"><img loading=\"lazy\" decoding=\"async\" class=\"alignnone size-full wp-image-981\" src=\"http:\/\/megauniform.com\/wp-content\/uploads\/2022\/02\/icon-2.jpg\" alt=\"\" width=\"45\" height=\"45\" \/><\/a> <a href=\"http:\/\/megauniform.com\/wp-content\/uploads\/2022\/02\/icon-4.jpg\"><img loading=\"lazy\" decoding=\"async\" class=\"alignnone size-full wp-image-982\" src=\"http:\/\/megauniform.com\/wp-content\/uploads\/2022\/02\/icon-4.jpg\" alt=\"\" width=\"45\" height=\"45\" \/><\/a> <a href=\"http:\/\/megauniform.com\/wp-content\/uploads\/2022\/01\/icon53.jpg\"><img loading=\"lazy\" decoding=\"async\" class=\"alignnone size-full wp-image-861\" src=\"http:\/\/megauniform.com\/wp-content\/uploads\/2022\/01\/icon53.jpg\" alt=\"\" width=\"45\" height=\"45\" \/><\/a> <a href=\"http:\/\/megauniform.com\/wp-content\/uploads\/2022\/01\/icon13.jpg\"><img loading=\"lazy\" decoding=\"async\" class=\"alignnone size-full wp-image-862\" src=\"http:\/\/megauniform.com\/wp-content\/uploads\/2022\/01\/icon13.jpg\" alt=\"\" width=\"45\" height=\"45\" \/><\/a><\/p>\n","protected":false},"excerpt":{"rendered":"<p>Tige Cuir Nubuck Tige Cuir Nubuck Waterproof Doublure anti-transpiration Syst\u00e8me de la\u00e7age oeuillet de anti-rouille Languette matelas\u00e9e Anti-friction collier Coque&#8230;<\/p>\n","protected":false},"featured_media":1041,"template":"","meta":[],"product_brand":[],"product_cat":[57],"product_tag":[60,58,59],"class_list":{"0":"post-1040","1":"product","2":"type-product","3":"status-publish","4":"has-post-thumbnail","6":"product_cat-chaussures-de-securite","7":"product_tag-hro","8":"product_tag-s3","9":"product_tag-src","10":"pa_collection-working-class-hero","11":"pa_couleur-marron","12":"pa_marque-toworkfor","13":"pa_taille-35-51","15":"first","16":"instock","17":"shipping-taxable","18":"product-type-simple"},"aioseo_notices":[],"_links":{"self":[{"href":"https:\/\/megauniform.com\/index.php?rest_route=\/wp\/v2\/product\/1040","targetHints":{"allow":["GET"]}}],"collection":[{"href":"https:\/\/megauniform.com\/index.php?rest_route=\/wp\/v2\/product"}],"about":[{"href":"https:\/\/megauniform.com\/index.php?rest_route=\/wp\/v2\/types\/product"}],"wp:featuredmedia":[{"embeddable":true,"href":"https:\/\/megauniform.com\/index.php?rest_route=\/wp\/v2\/media\/1041"}],"wp:attachment":[{"href":"https:\/\/megauniform.com\/index.php?rest_route=%2Fwp%2Fv2%2Fmedia&parent=1040"}],"wp:term":[{"taxonomy":"product_brand","embeddable":true,"href":"https:\/\/megauniform.com\/index.php?rest_route=%2Fwp%2Fv2%2Fproduct_brand&post=1040"},{"taxonomy":"product_cat","embeddable":true,"href":"https:\/\/megauniform.com\/index.php?rest_route=%2Fwp%2Fv2%2Fproduct_cat&post=1040"},{"taxonomy":"product_tag","embeddable":true,"href":"https:\/\/megauniform.com\/index.php?rest_route=%2Fwp%2Fv2%2Fproduct_tag&post=1040"}],"curies":[{"name":"wp","href":"https:\/\/api.w.org\/{rel}","templated":true}]}}