{"id":1016,"date":"2022-02-10T00:03:10","date_gmt":"2022-02-09T23:03:10","guid":{"rendered":"http:\/\/megauniform.com\/?post_type=product&#038;p=1016"},"modified":"2022-03-01T14:24:54","modified_gmt":"2022-03-01T13:24:54","slug":"fuel-s3-hro-src-en-iso-203452011","status":"publish","type":"product","link":"https:\/\/megauniform.com\/?product=fuel-s3-hro-src-en-iso-203452011","title":{"rendered":"FUEL &#8211; S3 | HRO | SRC | EN ISO 20345:2011"},"content":{"rendered":"<p>Tige Cuir Nubuck Waterproof<br \/>\nDoublure anti-transpiration<br \/>\nBande Velcro avant-pied<br \/>\nLanguette matelas\u00e9e<br \/>\nAnti-friction collier<br \/>\nPremi\u00e9re de montage et coque NON-METALLIQUE<br \/>\nStabiliseur Talon<br \/>\nSemelle Int\u00e9rieure PU amovible<br \/>\nSemelle Interm\u00e9diaire PU<br \/>\nSemelle Michelin Exclusive Prot\u00e8ge contre les hautes temp\u00e9ratures jusqu&rsquo;\u00e0 300 \u00b0 C<br \/>\nFabriqu\u00e9 en Europe<br \/>\nCertifi\u00e9 EN ISO 20345:2011, S3, HRO, SRC<br \/>\nTailles TW4 36-47<br \/>\n<a href=\"http:\/\/megauniform.com\/wp-content\/uploads\/2022\/02\/icon-2.jpg\"><img loading=\"lazy\" decoding=\"async\" class=\"alignnone size-full wp-image-981\" src=\"http:\/\/megauniform.com\/wp-content\/uploads\/2022\/02\/icon-2.jpg\" alt=\"\" width=\"45\" height=\"45\" \/><\/a> <a href=\"http:\/\/megauniform.com\/wp-content\/uploads\/2022\/02\/icon-1-1.jpg\"><img loading=\"lazy\" decoding=\"async\" class=\"alignnone size-full wp-image-1002\" src=\"http:\/\/megauniform.com\/wp-content\/uploads\/2022\/02\/icon-1-1.jpg\" alt=\"\" width=\"45\" height=\"45\" \/><\/a><a href=\"http:\/\/megauniform.com\/wp-content\/uploads\/2022\/01\/icon13.jpg\"><img loading=\"lazy\" decoding=\"async\" class=\"alignnone size-full wp-image-862\" src=\"http:\/\/megauniform.com\/wp-content\/uploads\/2022\/01\/icon13.jpg\" alt=\"\" width=\"45\" height=\"45\" \/><\/a><a href=\"http:\/\/megauniform.com\/wp-content\/uploads\/2022\/02\/icon-4.jpg\"><img loading=\"lazy\" decoding=\"async\" class=\"alignnone size-full wp-image-982\" src=\"http:\/\/megauniform.com\/wp-content\/uploads\/2022\/02\/icon-4.jpg\" alt=\"\" width=\"45\" height=\"45\" \/><\/a> <a href=\"http:\/\/megauniform.com\/wp-content\/uploads\/2022\/01\/icon53.jpg\"><img loading=\"lazy\" decoding=\"async\" class=\"alignnone size-full wp-image-861\" src=\"http:\/\/megauniform.com\/wp-content\/uploads\/2022\/01\/icon53.jpg\" alt=\"\" width=\"45\" height=\"45\" \/><\/a><\/p>\n","protected":false},"excerpt":{"rendered":"<p>Tige Cuir Nubuck Waterproof Doublure anti-transpiration Bande Velcro avant-pied Languette matelas\u00e9e Anti-friction collier Premi\u00e9re de montage et coque NON-METALLIQUE Stabiliseur&#8230;<\/p>\n","protected":false},"featured_media":1017,"template":"","meta":[],"product_brand":[],"product_cat":[57],"product_tag":[60,58,59],"class_list":{"0":"post-1016","1":"product","2":"type-product","3":"status-publish","4":"has-post-thumbnail","6":"product_cat-chaussures-de-securite","7":"product_tag-hro","8":"product_tag-s3","9":"product_tag-src","10":"pa_collection-michellin","11":"pa_couleur-noir","12":"pa_marque-toworkfor","13":"pa_taille-36-47","15":"first","16":"instock","17":"shipping-taxable","18":"product-type-simple"},"aioseo_notices":[],"_links":{"self":[{"href":"https:\/\/megauniform.com\/index.php?rest_route=\/wp\/v2\/product\/1016","targetHints":{"allow":["GET"]}}],"collection":[{"href":"https:\/\/megauniform.com\/index.php?rest_route=\/wp\/v2\/product"}],"about":[{"href":"https:\/\/megauniform.com\/index.php?rest_route=\/wp\/v2\/types\/product"}],"wp:featuredmedia":[{"embeddable":true,"href":"https:\/\/megauniform.com\/index.php?rest_route=\/wp\/v2\/media\/1017"}],"wp:attachment":[{"href":"https:\/\/megauniform.com\/index.php?rest_route=%2Fwp%2Fv2%2Fmedia&parent=1016"}],"wp:term":[{"taxonomy":"product_brand","embeddable":true,"href":"https:\/\/megauniform.com\/index.php?rest_route=%2Fwp%2Fv2%2Fproduct_brand&post=1016"},{"taxonomy":"product_cat","embeddable":true,"href":"https:\/\/megauniform.com\/index.php?rest_route=%2Fwp%2Fv2%2Fproduct_cat&post=1016"},{"taxonomy":"product_tag","embeddable":true,"href":"https:\/\/megauniform.com\/index.php?rest_route=%2Fwp%2Fv2%2Fproduct_tag&post=1016"}],"curies":[{"name":"wp","href":"https:\/\/api.w.org\/{rel}","templated":true}]}}