{"id":313,"date":"2019-03-11T07:22:50","date_gmt":"2019-03-11T07:22:50","guid":{"rendered":"https:\/\/demo.accesspressthemes.com\/zigcy-lite\/demo-one\/?page_id=313"},"modified":"2022-02-21T13:11:25","modified_gmt":"2022-02-21T12:11:25","slug":"about-us","status":"publish","type":"page","link":"https:\/\/megauniform.com\/?page_id=313","title":{"rendered":"About us"},"content":{"rendered":"<div class=\"wp-block-media-text alignwide has-media-on-the-right is-stacked-on-mobile\" style=\"grid-template-columns:auto 47%\"><figure class=\"wp-block-media-text__media\"><img loading=\"lazy\" decoding=\"async\" width=\"772\" height=\"326\" src=\"http:\/\/megauniform.com\/wp-content\/uploads\/2021\/12\/showroom.jpg\" alt=\"\" class=\"wp-image-677 size-full\" srcset=\"https:\/\/megauniform.com\/wp-content\/uploads\/2021\/12\/showroom.jpg 772w, https:\/\/megauniform.com\/wp-content\/uploads\/2021\/12\/showroom-300x127.jpg 300w, https:\/\/megauniform.com\/wp-content\/uploads\/2021\/12\/showroom-768x324.jpg 768w\" sizes=\"auto, (max-width: 772px) 100vw, 772px\" \/><\/figure><div class=\"wp-block-media-text__content\"><p><br><strong><strong>MEGA UNIFORM MAROC<\/strong>\u00a0<\/strong>est le fruit d\u2019un partenariat industriel avec les marques de renomm\u00e9e internationale : <strong><strong>Magnum &amp; Toworkfor <\/strong><\/strong>pour les chaussures de travail et de s\u00e9curit\u00e9, ainsi que la marque<strong>\u00a0<strong>Grupo Carre\u00f1o<\/strong>\u00a0<\/strong>qui est sp\u00e9cialis\u00e9e dans la fabrication des uniformes, des \u00e9quipements et de l\u2019ing\u00e9nierie textile du domaine de la sant\u00e9 de plus de 40 ans.<\/p><\/div><\/div><p class=\"has-woostify-heading-5-font-size\"><br><strong><mark style=\"background-color:rgba(0, 0, 0, 0)\" class=\"has-inline-color has-woostify-primary-color\"><strong>Nos chaussures et accessoires r\u00e9pondent aux exigences qualit\u00e9 les plus strictes.<\/strong><\/mark><\/strong><\/p><p>Nos chaussures de travail et de s\u00e9curit\u00e9 sont produites en Europe et certifi\u00e9es <strong>EN ISO 20347:2012<\/strong> et <strong>EN ISO 20345:2011<\/strong>. Les articles d\u2019habillement sont quant \u00e0 eux fabriqu\u00e9s selon la norme\u00a0<strong>ECO-TEX 100.<\/strong><\/p><div style=\"height:40px\" aria-hidden=\"true\" class=\"wp-block-spacer\"><\/div><blockquote class=\"wp-block-quote is-style-default is-layout-flow wp-block-quote-is-layout-flow\"><p><strong>Veille technologique, mat\u00e9riaux innovants, s\u00e9curit\u00e9, confort et style sont les \u00e9l\u00e9ments fondamentaux qui caract\u00e9risent nos produits et font de <strong>MEGA UNIFORM MAROC<\/strong><\/strong> <strong>une entreprise de r\u00e9f\u00e9rence pour tous les professionnels.<\/strong><\/p><\/blockquote><h2 class=\"wp-block-heading\" id=\"nos-marques\">Nos marques<\/h2><p><\/p>","protected":false},"excerpt":{"rendered":"<p>MEGA UNIFORM MAROC\u00a0est le fruit d\u2019un partenariat industriel avec les marques de renomm\u00e9e internationale : Magnum &amp; Toworkfor pour les&#8230;<\/p>\n","protected":false},"author":1,"featured_media":0,"parent":0,"menu_order":0,"comment_status":"closed","ping_status":"closed","template":"","meta":{"footnotes":""},"class_list":["post-313","page","type-page","status-publish","hentry"],"aioseo_notices":[],"_links":{"self":[{"href":"https:\/\/megauniform.com\/index.php?rest_route=\/wp\/v2\/pages\/313","targetHints":{"allow":["GET"]}}],"collection":[{"href":"https:\/\/megauniform.com\/index.php?rest_route=\/wp\/v2\/pages"}],"about":[{"href":"https:\/\/megauniform.com\/index.php?rest_route=\/wp\/v2\/types\/page"}],"author":[{"embeddable":true,"href":"https:\/\/megauniform.com\/index.php?rest_route=\/wp\/v2\/users\/1"}],"replies":[{"embeddable":true,"href":"https:\/\/megauniform.com\/index.php?rest_route=%2Fwp%2Fv2%2Fcomments&post=313"}],"version-history":[{"count":22,"href":"https:\/\/megauniform.com\/index.php?rest_route=\/wp\/v2\/pages\/313\/revisions"}],"predecessor-version":[{"id":1250,"href":"https:\/\/megauniform.com\/index.php?rest_route=\/wp\/v2\/pages\/313\/revisions\/1250"}],"wp:attachment":[{"href":"https:\/\/megauniform.com\/index.php?rest_route=%2Fwp%2Fv2%2Fmedia&parent=313"}],"curies":[{"name":"wp","href":"https:\/\/api.w.org\/{rel}","templated":true}]}}