{"id":2,"date":"2020-08-18T09:57:34","date_gmt":"2020-08-18T07:57:34","guid":{"rendered":"https:\/\/accesspressthemes.com\/import\/zigcy-lite\/?page_id=2"},"modified":"2022-04-19T04:15:49","modified_gmt":"2022-04-19T02:15:49","slug":"normes","status":"publish","type":"page","link":"https:\/\/megauniform.com\/?page_id=2","title":{"rendered":"NORMES"},"content":{"rendered":"<div style=\"height:145px\" aria-hidden=\"true\" class=\"wp-block-spacer\"><\/div><div class=\"wp-block-columns is-layout-flex wp-container-core-columns-is-layout-9d6595d7 wp-block-columns-is-layout-flex\"><div class=\"wp-block-column is-layout-flow wp-block-column-is-layout-flow\"><h2 class=\"wp-block-heading\">Normes<\/h2>\n\n<blockquote class=\"wp-block-quote is-style-default is-layout-flow wp-block-quote-is-layout-flow\"><p>Nos chaussures r\u00e9pondent aux exigences des normes suivantes :<\/p><p><strong>EN ISO 20347:2012<\/strong> <br>pour les chaussures de travail de marque MAGNUM<br><strong>EN ISO 20345:2011<\/strong> <br>pour les chaussures de s\u00e9curit\u00e9 de marque TO WORK FOR<\/p><\/blockquote>\n\n<p style=\"font-size:22px\"><strong>SYMBOLES DES SP\u00c9CIFICATIONS TECHNIQUES<\/strong><\/p>\n\n<h1 class=\"has-woostify-primary-color has-text-color has-woostify-heading-4-font-size wp-block-heading\" style=\"font-style:normal;font-weight:400\">Normes de chaussures de Travail :<\/h1>\n\n<p><strong>A&nbsp;: <\/strong>Antistatique<\/p>\n\n<p><strong>OB :<\/strong> Caract\u00e9ristiques fondamentales, sans embout de protection<\/p>\n\n<p><strong>O1 :<\/strong> Tige de tout type de mat\u00e9riaux sauf les polym\u00e8res + arri\u00e8re ferm\u00e9 + OB + A + E<\/p>\n\n<p><strong>O2 :<\/strong> S1 + tige hydrofuge (WRU)<\/p>\n\n<p><strong>03 :<\/strong> O2 + semelle anti-perforation (P) + semelle \u00e0 crampons<\/p>\n\n<p class=\"has-woostify-primary-color has-text-color has-woostify-heading-4-font-size\"><br>Normes de chaussures de S\u00e9curit\u00e9 :<br><\/p>\n\n<p><br><strong>SB : <\/strong>Caract\u00e9ristiques fondamentales : <br>embout de protection, r\u00e9sistance \u00e0 l&rsquo;abrasion, r\u00e9sistance aux glissements, arri\u00e8re ferm\u00e9 ou non<\/p>\n\n<p><strong>S1<\/strong>&nbsp;: SB + A + E + FO + arri\u00e8re ferm\u00e9<\/p>\n\n<p><strong>S1P<\/strong> : S1 + semelle anti-perforation (P)<\/p>\n\n<p><strong>S2<\/strong> : S1 + tige hydrofuge (WRU)<\/p>\n\n<p><strong>S3<\/strong> : S2 + semelle anti-perforation (P) + semelle \u00e0 crampons<\/p>\n\n<p><\/p>\n\n<p class=\"has-woostify-primary-color has-text-color has-woostify-heading-4-font-size\"><br>Autres Normes :<\/p>\n\n<p><br><strong>AN :<\/strong> Protection des mall\u00e9oles<\/p>\n\n<p><strong>CI&nbsp;:<\/strong> Isolation au froid<\/p>\n\n<p><strong>HI :<\/strong> Isolation \u00e0 la chaleur<\/p>\n\n<p><strong>E&nbsp;:<\/strong> Absorption des chocs au niveau du talon<\/p>\n\n<p><strong>ESD :<\/strong> Chaussures dissipatrices des charges \u00e9lectrostatiques<\/p>\n\n<p><strong>FO&nbsp;:<\/strong> Semelle r\u00e9sistante aux hydrocarbures<\/p>\n\n<p><strong>P&nbsp;:<\/strong> Semelle anti-perforation<\/p>\n\n<p><strong>HRO\u00a0:<\/strong> Semelle r\u00e9sistante \u00e0 la chaleur par contact direct <br>(jusqu&rsquo;\u00e0 300\u00b0C )<\/p>\n\n<p><strong>WR\u00a0:<\/strong> Chaussures imperm\u00e9ables <br>(r\u00e9sistance \u00e0 l&rsquo;immersion pendant un certain temps)<\/p>\n\n<p><strong>WRU&nbsp;:<\/strong> Tige hydrofuge<\/p>\n\n<p><strong>M&nbsp;:<\/strong> Protection du m\u00e9tatarse<\/p>\n\n<p><strong>CR&nbsp;:<\/strong> Tige r\u00e9sistante \u00e0 la coupure<\/p>\n\n<p><strong>SRA&nbsp;:<\/strong> Semelle r\u00e9sistante \u00e0 la glisse sur sol c\u00e9ramique recouvert de d\u00e9tergent<\/p>\n\n<p><strong>SRB&nbsp;:<\/strong> Semelle r\u00e9sistante \u00e0 la glisse sur sol acier recouvert de glyc\u00e9rine<\/p>\n\n<p><strong>SRC&nbsp;:<\/strong> SRA + SRB.<\/p><\/div>\n\n<div class=\"wp-block-column is-layout-flow wp-block-column-is-layout-flow\"><figure class=\"wp-block-image size-full\"><a href=\"http:\/\/megauniform.com\/wp-content\/uploads\/2022\/04\/NormesPa.jpg\"><img loading=\"lazy\" decoding=\"async\" width=\"500\" height=\"970\" src=\"http:\/\/megauniform.com\/wp-content\/uploads\/2022\/04\/NormesPa.jpg\" alt=\"\" class=\"wp-image-1457\" srcset=\"https:\/\/megauniform.com\/wp-content\/uploads\/2022\/04\/NormesPa.jpg 500w, https:\/\/megauniform.com\/wp-content\/uploads\/2022\/04\/NormesPa-155x300.jpg 155w\" sizes=\"auto, (max-width: 500px) 100vw, 500px\" \/><\/a><\/figure><\/div><\/div>","protected":false},"excerpt":{"rendered":"<p>Normes Nos chaussures r\u00e9pondent aux exigences des normes suivantes : EN ISO 20347:2012 pour les chaussures de travail de marque&#8230;<\/p>\n","protected":false},"author":1,"featured_media":0,"parent":0,"menu_order":0,"comment_status":"closed","ping_status":"closed","template":"","meta":{"footnotes":""},"class_list":["post-2","page","type-page","status-publish","hentry"],"aioseo_notices":[],"_links":{"self":[{"href":"https:\/\/megauniform.com\/index.php?rest_route=\/wp\/v2\/pages\/2","targetHints":{"allow":["GET"]}}],"collection":[{"href":"https:\/\/megauniform.com\/index.php?rest_route=\/wp\/v2\/pages"}],"about":[{"href":"https:\/\/megauniform.com\/index.php?rest_route=\/wp\/v2\/types\/page"}],"author":[{"embeddable":true,"href":"https:\/\/megauniform.com\/index.php?rest_route=\/wp\/v2\/users\/1"}],"replies":[{"embeddable":true,"href":"https:\/\/megauniform.com\/index.php?rest_route=%2Fwp%2Fv2%2Fcomments&post=2"}],"version-history":[{"count":41,"href":"https:\/\/megauniform.com\/index.php?rest_route=\/wp\/v2\/pages\/2\/revisions"}],"predecessor-version":[{"id":1468,"href":"https:\/\/megauniform.com\/index.php?rest_route=\/wp\/v2\/pages\/2\/revisions\/1468"}],"wp:attachment":[{"href":"https:\/\/megauniform.com\/index.php?rest_route=%2Fwp%2Fv2%2Fmedia&parent=2"}],"curies":[{"name":"wp","href":"https:\/\/api.w.org\/{rel}","templated":true}]}}