{"id":129,"date":"2018-11-27T11:37:15","date_gmt":"2018-11-27T11:37:15","guid":{"rendered":"http:\/\/demo.accesspressthemes.com\/store-mart-lite\/?page_id=129"},"modified":"2022-02-26T14:41:50","modified_gmt":"2022-02-26T13:41:50","slug":"wishlist-2","status":"publish","type":"page","link":"https:\/\/megauniform.com\/?page_id=129","title":{"rendered":"WishList"},"content":{"rendered":"\n\n\n\n<form\n\tid=\"yith-wcwl-form\"\n\taction=\"https:\/\/megauniform.com\/?page_id=129\"\n\tmethod=\"post\"\n\tclass=\"woocommerce yith-wcwl-form wishlist-fragment\"\n\tdata-fragment-options=\"{&quot;per_page&quot;:5,&quot;current_page&quot;:1,&quot;pagination&quot;:&quot;no&quot;,&quot;wishlist_id&quot;:false,&quot;action_params&quot;:false,&quot;no_interactions&quot;:false,&quot;layout&quot;:&quot;&quot;,&quot;wishlist&quot;:false,&quot;is_default&quot;:true,&quot;is_custom_list&quot;:false,&quot;wishlist_token&quot;:&quot;&quot;,&quot;is_private&quot;:false,&quot;count&quot;:0,&quot;page_title&quot;:&quot;Votre liste de souhaits&quot;,&quot;default_wishlsit_title&quot;:&quot;Votre liste de souhaits&quot;,&quot;page_links&quot;:false,&quot;is_user_logged_in&quot;:false,&quot;is_user_owner&quot;:true,&quot;can_user_edit_title&quot;:false,&quot;show_price&quot;:false,&quot;show_dateadded&quot;:false,&quot;show_stock_status&quot;:false,&quot;show_add_to_cart&quot;:false,&quot;show_remove_product&quot;:true,&quot;add_to_cart_text&quot;:&quot;&quot;,&quot;show_ask_estimate_button&quot;:false,&quot;ask_estimate_url&quot;:&quot;&quot;,&quot;price_excl_tax&quot;:true,&quot;show_cb&quot;:false,&quot;show_quantity&quot;:false,&quot;show_variation&quot;:true,&quot;show_price_variations&quot;:false,&quot;show_update&quot;:false,&quot;enable_drag_n_drop&quot;:false,&quot;enable_add_all_to_cart&quot;:false,&quot;move_to_another_wishlist&quot;:false,&quot;repeat_remove_button&quot;:false,&quot;show_last_column&quot;:false,&quot;heading_icon&quot;:&quot;&lt;i class=\\&quot;fa heart-outline\\&quot;&gt;&lt;\\\/i&gt;&quot;,&quot;share_enabled&quot;:false,&quot;template_part&quot;:&quot;view&quot;,&quot;additional_info&quot;:false,&quot;available_multi_wishlist&quot;:false,&quot;form_action&quot;:&quot;https:\\\/\\\/megauniform.com\\\/?page_id=129&quot;,&quot;item&quot;:&quot;wishlist&quot;}\"\n>\n\n\t<!-- TITLE -->\n\t\t\t<div class=\"wishlist-title-container\">\n\t\t\t<div class=\"wishlist-title \">\n\t\t\t\t<h2>Votre liste de souhaits<\/h2>\t\t\t\t\t\t\t<\/div>\n\t\t\t\t\t<\/div>\n\t\n\n<!-- WISHLIST TABLE -->\n<table\n\tclass=\"shop_table cart wishlist_table wishlist_view traditional responsive   \"\n\tdata-pagination=\"no\" data-per-page=\"5\" data-page=\"1\"\n\tdata-id=\"\" data-token=\"\">\n\n\t\n\t<thead>\n\t<tr>\n\t\t\n\t\t\t\t\t\t\t\t<th class=\"product-remove\">\n\t\t\t\t<span class=\"nobr\">\n\t\t\t\t\t\t\t\t\t<\/span>\n\t\t\t<\/th>\n\t\t\n\t\t<th class=\"product-thumbnail\"><\/th>\n\n\t\t<th class=\"product-name\">\n\t\t\t<span class=\"nobr\">\n\t\t\t\tNom du produit\t\t\t<\/span>\n\t\t<\/th>\n\n\t\t\n\t\t\n\t\t\n\t\t\n\t\t\t<\/tr>\n\t<\/thead>\n\n\t<tbody class=\"wishlist-items-wrapper\">\n\t\t\t<tr>\n\t\t\t\t\t\t<td colspan=\"3\" class=\"wishlist-empty\">Aucun produit ajout\u00e9 \u00e0 la liste de souhaits<\/td>\n\t\t<\/tr>\n\t\t\t<\/tbody>\n\n<\/table>\n\n<div class=\"yith_wcwl_wishlist_footer\">\n\t\n\n\t\n\n\t\n\t<\/div>\n\n<input type=\"hidden\" id=\"yith_wcwl_edit_wishlist\" name=\"yith_wcwl_edit_wishlist\" value=\"e854c9a355\" \/><input type=\"hidden\" name=\"_wp_http_referer\" value=\"\/index.php?rest_route=%2Fwp%2Fv2%2Fpages%2F129\" \/><input type=\"hidden\" value=\"\" name=\"wishlist_id\" id=\"wishlist_id\">\n\n\n<\/form>\n\n\n\n<div style=\"height:50px\" aria-hidden=\"true\" class=\"wp-block-spacer\"><\/div><script>\n    function process()\n    {\n     var wish = document.getElementById(\"yith_wcwl_share_url\").value;\n     var myParam = wish.split('wishlist_id=')[1]\n     var url = \"http:\/\/megauniform.com\/?page_id=211&wl=\" + myParam;\n        location.href = url;\n        return false;\n    }\n<\/script>\n\n<form onsubmit=\"return process();\">\n    <input class=\"wp-block-button__link has-woostify-primary-background-color has-background\" type=\"submit\" value=\"Demander notre meilleur devis pour cette liste...\">\n<\/form><div style=\"height:40px\" aria-hidden=\"true\" class=\"wp-block-spacer\"><\/div><blockquote class=\"wp-block-quote is-style-default is-layout-flow wp-block-quote-is-layout-flow\"><p><strong>Entrez en contact avec l&rsquo;un de nos agents qui vous guidera tout au long de votre commande.<\/strong><br><br>Pour vous garantir des prestations de qualit\u00e9, notre \u00e9quipe commerciale est en mesure de r\u00e9pondre \u00e0 toutes vos demandes de renseignements concernant les produits de nos marques, n&rsquo;h\u00e9sitez pas \u00e0 prendre contact par t\u00e9l\u00e9phone pendant les heures d&rsquo;ouverture au : <strong>+212 5 37 22 50 00<\/strong><\/p><\/blockquote>","protected":false},"excerpt":{"rendered":"<p>Entrez en contact avec l&rsquo;un de nos agents qui vous guidera tout au long de votre commande. Pour vous garantir&#8230;<\/p>\n","protected":false},"author":1,"featured_media":0,"parent":0,"menu_order":0,"comment_status":"closed","ping_status":"closed","template":"","meta":{"footnotes":""},"class_list":["post-129","page","type-page","status-publish","hentry"],"aioseo_notices":[],"_links":{"self":[{"href":"https:\/\/megauniform.com\/index.php?rest_route=\/wp\/v2\/pages\/129","targetHints":{"allow":["GET"]}}],"collection":[{"href":"https:\/\/megauniform.com\/index.php?rest_route=\/wp\/v2\/pages"}],"about":[{"href":"https:\/\/megauniform.com\/index.php?rest_route=\/wp\/v2\/types\/page"}],"author":[{"embeddable":true,"href":"https:\/\/megauniform.com\/index.php?rest_route=\/wp\/v2\/users\/1"}],"replies":[{"embeddable":true,"href":"https:\/\/megauniform.com\/index.php?rest_route=%2Fwp%2Fv2%2Fcomments&post=129"}],"version-history":[{"count":28,"href":"https:\/\/megauniform.com\/index.php?rest_route=\/wp\/v2\/pages\/129\/revisions"}],"predecessor-version":[{"id":1386,"href":"https:\/\/megauniform.com\/index.php?rest_route=\/wp\/v2\/pages\/129\/revisions\/1386"}],"wp:attachment":[{"href":"https:\/\/megauniform.com\/index.php?rest_route=%2Fwp%2Fv2%2Fmedia&parent=129"}],"curies":[{"name":"wp","href":"https:\/\/api.w.org\/{rel}","templated":true}]}}